{"id":50,"date":"2015-04-21T21:58:39","date_gmt":"2015-04-21T21:58:39","guid":{"rendered":"http:\/\/wp.topolinorestaurant.com\/wp\/?page_id=50"},"modified":"2024-03-13T00:07:52","modified_gmt":"2024-03-13T00:07:52","slug":"chicken-and-veal","status":"publish","type":"page","link":"https:\/\/topolinorestaurant.com\/?page_id=50","title":{"rendered":"Chicken and Veal"},"content":{"rendered":"<p><b>ALL OF OUR CHICKEN IS RAISED WITH NO ANTIBIOTICS EVER.\u00a0<\/b><\/p>\n<p><strong>Chicken Parmesan&#8230;&#8230;$20.99<\/strong><\/p>\n<p>Lightly breaded chicken breast saut\u00e9ed and baked with provolone cheese and marinara sauce<\/p>\n<p><strong>Chicken Marsala&#8230;&#8230;$19.99<\/strong><\/p>\n<p>Breast of chicken saut\u00e9ed in fresh mushrooms and marsala wine sauce<\/p>\n<p><strong>Chicken Romana&#8230;&#8230;$20.99<\/strong><\/p>\n<p>Breast of chicken saut\u00e9ed in white wine and mushroom sauce, topped with ham and provolone cheese.<\/p>\n<p><strong>Chicken Alfredo&#8230;&#8230;$24.99<\/strong><\/p>\n<p>Our homemade pasta topped with our creamy parmesan sauce and tender strips of marinated chicken breast.<\/p>\n<p><strong>Chicken Francaise&#8230;&#8230;$20.99<\/strong><\/p>\n<p>Breast of chicken dipped in egg, saut\u00e9ed with lemon butter sauce<\/p>\n<p><strong>\u00a0Veal Parmesan&#8230;&#8230;$23.99<\/strong><\/p>\n<p>Lightly breaded fresh veal, saut\u00e9ed and then baked with provolone cheese and meat sauce.<\/p>\n<p><strong>Veal Marsala&#8230;&#8230;$22.99<\/strong><\/p>\n<p>Three medallions of veal in a fresh mushroom and marsala wine sauce.<\/p>\n<p><strong>Veal Romana&#8230;&#8230;$22.99<\/strong><\/p>\n<p>Medallions of veal saut\u00e9ed in white wine and mushroom sauce. Topped with ham and provolone cheese.<\/p>\n<h5>Prices are subject to change without notice due to market prices.<\/h5>\n","protected":false},"excerpt":{"rendered":"<p>ALL OF OUR CHICKEN IS RAISED WITH NO ANTIBIOTICS EVER.\u00a0 Chicken Parmesan&#8230;&#8230;$20.99 Lightly breaded chicken breast saut\u00e9ed and baked with provolone cheese and marinara sauce Chicken Marsala&#8230;&#8230;$19.99 Breast of chicken saut\u00e9ed in fresh mushrooms and marsala wine sauce Chicken Romana&#8230;&#8230;$20.99 Breast of chicken saut\u00e9ed in white wine and mushroom sauce, topped with ham and provolone [&hellip;]<\/p>\n","protected":false},"author":1,"featured_media":0,"parent":0,"menu_order":0,"comment_status":"closed","ping_status":"closed","template":"page-full-width.php","meta":{"footnotes":""},"class_list":["post-50","page","type-page","status-publish","hentry"],"_links":{"self":[{"href":"https:\/\/topolinorestaurant.com\/index.php?rest_route=\/wp\/v2\/pages\/50"}],"collection":[{"href":"https:\/\/topolinorestaurant.com\/index.php?rest_route=\/wp\/v2\/pages"}],"about":[{"href":"https:\/\/topolinorestaurant.com\/index.php?rest_route=\/wp\/v2\/types\/page"}],"author":[{"embeddable":true,"href":"https:\/\/topolinorestaurant.com\/index.php?rest_route=\/wp\/v2\/users\/1"}],"replies":[{"embeddable":true,"href":"https:\/\/topolinorestaurant.com\/index.php?rest_route=%2Fwp%2Fv2%2Fcomments&post=50"}],"version-history":[{"count":10,"href":"https:\/\/topolinorestaurant.com\/index.php?rest_route=\/wp\/v2\/pages\/50\/revisions"}],"predecessor-version":[{"id":342,"href":"https:\/\/topolinorestaurant.com\/index.php?rest_route=\/wp\/v2\/pages\/50\/revisions\/342"}],"wp:attachment":[{"href":"https:\/\/topolinorestaurant.com\/index.php?rest_route=%2Fwp%2Fv2%2Fmedia&parent=50"}],"curies":[{"name":"wp","href":"https:\/\/api.w.org\/{rel}","templated":true}]}}